{"id":71,"date":"2024-01-15T08:44:13","date_gmt":"2024-01-15T07:44:13","guid":{"rendered":"https:\/\/pve.pl\/en\/?page_id=71"},"modified":"2025-06-17T11:49:22","modified_gmt":"2025-06-17T09:49:22","slug":"kontakt","status":"publish","type":"page","link":"https:\/\/pve.pl\/en\/kontakt\/","title":{"rendered":"Contact"},"content":{"rendered":"<h2>Pro Vento Energia Sp. z o.o.<\/h2>\n<div class=\"in-grid-3\">\n<div class=\"in-column\">\n<p><strong>Head office:<\/strong><br \/>\nul. Barycka 36F<br \/>\n86-005 Bia\u0142e B\u0142ota<br \/>\nPolska\/Poland<\/p>\n<p><strong>NIP \/ VAT NO<\/strong>: 839-318-19-70<br \/>\n<strong>REGON<\/strong>: 362312466<br \/>\n<strong>KRS<\/strong>: 0000572395<\/p>\n<\/div>\n<div class=\"in-column\">\n<p><strong>Mailing address<\/strong>:<br \/>\nul. Barycka 36F<br \/>\n86-005 Bia\u0142e B\u0142ota<br \/>\nPolska\/Poland<br \/>\ntel. +48 512 515 515<\/p>\n<p><strong>Pozna\u0144 branch:<\/strong><br \/>\nD\u0105browa Park<br \/>\nul. Innowator\u00f3w 8<br \/>\nD\u0105browa k\/Poznania<br \/>\n62-070 Dopiewo<br \/>\ntel. +48\u00a0786 903 003<\/p>\n<\/div>\n<div class=\"in-column\">\n<p><strong>Szczecin branch:<\/strong><br \/>\nul. E. Kwiatkowskiego 1A\/10<br \/>\n71-004 Szczecin<\/p>\n<p><strong>Wroc\u0142aw branch:<\/strong><br \/>\nKoszali\u0144ska 9<br \/>\n54-316 Wroc\u0142aw<br \/>\ntel. +48 512 515 515<\/p>\n<\/div>\n<\/div>\n","protected":false},"excerpt":{"rendered":"<p>Pro Vento Energia Sp. z o.o. Head office: ul. Barycka 36F 86-005 Bia\u0142e B\u0142ota Polska\/Poland NIP \/ VAT NO: 839-318-19-70 REGON: 362312466 KRS: 0000572395 Mailing address: ul. Barycka 36F 86-005 Bia\u0142e B\u0142ota Polska\/Poland tel. +48 512 515 515 Pozna\u0144 branch: D\u0105browa Park ul. Innowator\u00f3w 8 D\u0105browa k\/Poznania 62-070 Dopiewo tel. +48\u00a0786 903 003 Szczecin branch: [&hellip;]<\/p>\n","protected":false},"author":1,"featured_media":0,"parent":0,"menu_order":0,"comment_status":"closed","ping_status":"closed","template":"template-contact.php","meta":{"_acf_changed":false,"footnotes":""},"class_list":["post-71","page","type-page","status-publish","hentry"],"acf":[],"yoast_head":"<!-- This site is optimized with the Yoast SEO plugin v25.3 - https:\/\/yoast.com\/wordpress\/plugins\/seo\/ -->\n<title>Contact - PVE<\/title>\n<meta name=\"robots\" content=\"index, follow, max-snippet:-1, max-image-preview:large, max-video-preview:-1\" \/>\n<link rel=\"canonical\" href=\"https:\/\/pve.pl\/en\/kontakt\/\" \/>\n<meta property=\"og:locale\" content=\"pl_PL\" \/>\n<meta property=\"og:type\" content=\"article\" \/>\n<meta property=\"og:title\" content=\"Contact - PVE\" \/>\n<meta property=\"og:description\" content=\"Pro Vento Energia Sp. z o.o. Head office: ul. Barycka 36F 86-005 Bia\u0142e B\u0142ota Polska\/Poland NIP \/ VAT NO: 839-318-19-70 REGON: 362312466 KRS: 0000572395 Mailing address: ul. Barycka 36F 86-005 Bia\u0142e B\u0142ota Polska\/Poland tel. +48 512 515 515 Pozna\u0144 branch: D\u0105browa Park ul. Innowator\u00f3w 8 D\u0105browa k\/Poznania 62-070 Dopiewo tel. +48\u00a0786 903 003 Szczecin branch: [&hellip;]\" \/>\n<meta property=\"og:url\" content=\"https:\/\/pve.pl\/en\/kontakt\/\" \/>\n<meta property=\"og:site_name\" content=\"PVE\" \/>\n<meta property=\"article:modified_time\" content=\"2025-06-17T09:49:22+00:00\" \/>\n<meta name=\"twitter:card\" content=\"summary_large_image\" \/>\n<meta name=\"twitter:label1\" content=\"Szacowany czas czytania\" \/>\n\t<meta name=\"twitter:data1\" content=\"1 minuta\" \/>\n<script type=\"application\/ld+json\" class=\"yoast-schema-graph\">{\"@context\":\"https:\/\/schema.org\",\"@graph\":[{\"@type\":\"WebPage\",\"@id\":\"https:\/\/pve.pl\/en\/kontakt\/\",\"url\":\"https:\/\/pve.pl\/en\/kontakt\/\",\"name\":\"Contact - PVE\",\"isPartOf\":{\"@id\":\"https:\/\/pve.pl\/en\/#website\"},\"datePublished\":\"2024-01-15T07:44:13+00:00\",\"dateModified\":\"2025-06-17T09:49:22+00:00\",\"breadcrumb\":{\"@id\":\"https:\/\/pve.pl\/en\/kontakt\/#breadcrumb\"},\"inLanguage\":\"pl-PL\",\"potentialAction\":[{\"@type\":\"ReadAction\",\"target\":[\"https:\/\/pve.pl\/en\/kontakt\/\"]}]},{\"@type\":\"BreadcrumbList\",\"@id\":\"https:\/\/pve.pl\/en\/kontakt\/#breadcrumb\",\"itemListElement\":[{\"@type\":\"ListItem\",\"position\":1,\"name\":\"Strona g\u0142\u00f3wna\",\"item\":\"https:\/\/pve.pl\/en\/\"},{\"@type\":\"ListItem\",\"position\":2,\"name\":\"Contact\"}]},{\"@type\":\"WebSite\",\"@id\":\"https:\/\/pve.pl\/en\/#website\",\"url\":\"https:\/\/pve.pl\/en\/\",\"name\":\"PVE\",\"description\":\"\",\"potentialAction\":[{\"@type\":\"SearchAction\",\"target\":{\"@type\":\"EntryPoint\",\"urlTemplate\":\"https:\/\/pve.pl\/en\/?s={search_term_string}\"},\"query-input\":{\"@type\":\"PropertyValueSpecification\",\"valueRequired\":true,\"valueName\":\"search_term_string\"}}],\"inLanguage\":\"pl-PL\"}]}<\/script>\n<!-- \/ Yoast SEO plugin. -->","yoast_head_json":{"title":"Contact - PVE","robots":{"index":"index","follow":"follow","max-snippet":"max-snippet:-1","max-image-preview":"max-image-preview:large","max-video-preview":"max-video-preview:-1"},"canonical":"https:\/\/pve.pl\/en\/kontakt\/","og_locale":"pl_PL","og_type":"article","og_title":"Contact - PVE","og_description":"Pro Vento Energia Sp. z o.o. Head office: ul. Barycka 36F 86-005 Bia\u0142e B\u0142ota Polska\/Poland NIP \/ VAT NO: 839-318-19-70 REGON: 362312466 KRS: 0000572395 Mailing address: ul. Barycka 36F 86-005 Bia\u0142e B\u0142ota Polska\/Poland tel. +48 512 515 515 Pozna\u0144 branch: D\u0105browa Park ul. Innowator\u00f3w 8 D\u0105browa k\/Poznania 62-070 Dopiewo tel. +48\u00a0786 903 003 Szczecin branch: [&hellip;]","og_url":"https:\/\/pve.pl\/en\/kontakt\/","og_site_name":"PVE","article_modified_time":"2025-06-17T09:49:22+00:00","twitter_card":"summary_large_image","twitter_misc":{"Szacowany czas czytania":"1 minuta"},"schema":{"@context":"https:\/\/schema.org","@graph":[{"@type":"WebPage","@id":"https:\/\/pve.pl\/en\/kontakt\/","url":"https:\/\/pve.pl\/en\/kontakt\/","name":"Contact - PVE","isPartOf":{"@id":"https:\/\/pve.pl\/en\/#website"},"datePublished":"2024-01-15T07:44:13+00:00","dateModified":"2025-06-17T09:49:22+00:00","breadcrumb":{"@id":"https:\/\/pve.pl\/en\/kontakt\/#breadcrumb"},"inLanguage":"pl-PL","potentialAction":[{"@type":"ReadAction","target":["https:\/\/pve.pl\/en\/kontakt\/"]}]},{"@type":"BreadcrumbList","@id":"https:\/\/pve.pl\/en\/kontakt\/#breadcrumb","itemListElement":[{"@type":"ListItem","position":1,"name":"Strona g\u0142\u00f3wna","item":"https:\/\/pve.pl\/en\/"},{"@type":"ListItem","position":2,"name":"Contact"}]},{"@type":"WebSite","@id":"https:\/\/pve.pl\/en\/#website","url":"https:\/\/pve.pl\/en\/","name":"PVE","description":"","potentialAction":[{"@type":"SearchAction","target":{"@type":"EntryPoint","urlTemplate":"https:\/\/pve.pl\/en\/?s={search_term_string}"},"query-input":{"@type":"PropertyValueSpecification","valueRequired":true,"valueName":"search_term_string"}}],"inLanguage":"pl-PL"}]}},"_links":{"self":[{"href":"https:\/\/pve.pl\/en\/wp-json\/wp\/v2\/pages\/71","targetHints":{"allow":["GET"]}}],"collection":[{"href":"https:\/\/pve.pl\/en\/wp-json\/wp\/v2\/pages"}],"about":[{"href":"https:\/\/pve.pl\/en\/wp-json\/wp\/v2\/types\/page"}],"author":[{"embeddable":true,"href":"https:\/\/pve.pl\/en\/wp-json\/wp\/v2\/users\/1"}],"replies":[{"embeddable":true,"href":"https:\/\/pve.pl\/en\/wp-json\/wp\/v2\/comments?post=71"}],"version-history":[{"count":15,"href":"https:\/\/pve.pl\/en\/wp-json\/wp\/v2\/pages\/71\/revisions"}],"predecessor-version":[{"id":352,"href":"https:\/\/pve.pl\/en\/wp-json\/wp\/v2\/pages\/71\/revisions\/352"}],"wp:attachment":[{"href":"https:\/\/pve.pl\/en\/wp-json\/wp\/v2\/media?parent=71"}],"curies":[{"name":"wp","href":"https:\/\/api.w.org\/{rel}","templated":true}]}}